{"id":19,"date":"2025-04-07T08:52:46","date_gmt":"2025-04-07T06:52:46","guid":{"rendered":"https:\/\/websites.fraunhofer.de\/ki-fortschrittszentrum\/?page_id=19"},"modified":"2025-07-25T05:57:56","modified_gmt":"2025-07-25T03:57:56","slug":"imprint","status":"publish","type":"page","link":"https:\/\/www.ki-fortschrittszentrum.de\/en\/impressum\/","title":{"rendered":"Imprint"},"content":{"rendered":"<p><\/p>\n\n\n\n<h2 class=\"wp-block-heading\" id=\"impressum\">Imprint<\/h2>\n\n\n\n<p>The Fraunhofer Institute for Industrial Engineering IAO<\/p>\n\n\n\n<p>Nobelstr. 12<br>70569 Stuttgart<\/p>\n\n\n\n<p>is a legally non-independent institution of the<\/p>\n\n\n\n<p>Fraunhofer Society for the Advancement of Applied Research e.V.<br>Hansastrasse 27c, 80686 Munich<br>Phone +49 89 1205- 0<br>Fax +49 89 1205-7531<br>E-mail: info(at)zv.fraunhofer.de<\/p>\n\n\n\n<p><a href=\"https:\/\/www.fraunhofer.de\">www.fraunhofer.de<\/a><\/p>\n\n\n\n<h2 class=\"wp-block-heading\" id=\"umsatzsteuer-identifikationsnummer-gema\u00df-27a-umsatzsteuergesetz\">Sales tax identification number according to \u00a7 27a of the sales tax law<\/h2>\n\n\n\n<p>EN 129515865<\/p>\n\n\n\n<h2 class=\"wp-block-heading\" id=\"registergericht\">Register court<\/h2>\n\n\n\n<p>Munich Local Court<br>Registered association<br>Register No. VR 4461<\/p>\n\n\n\n<h2 class=\"wp-block-heading\" id=\"redaktionsverantwortlich-im-sinne-des-presserechts\">Editorial responsibility in terms of press law<\/h2>\n\n\n\n<p>Karin R\u00f6hricht and Janina Bierkandt<br><a href=\"mailto:presse@ki-fortschrittszenrum.de\" data-type=\"mailto\" data-id=\"mailto:presse@ki-fortschrittszenrum.de\">presse@ki-fortschrittszentrum.de <\/a><\/p>\n\n\n\n<h2 class=\"wp-block-heading\" id=\"vorstand\">Management Board<\/h2>\n\n\n\n<p><strong>Prof. Dr.-Ing. Holger Hanselka<\/strong>&nbsp;| President<br><strong>Prof. Dr. Constantin H\u00e4fner<\/strong> | Member of the Management Board<br><strong>Prof. Dr. Axel M\u00fcller-Groeling<\/strong>&nbsp;| Member of the Management Board<br><strong>Ass. jur. Elisabeth Ewen<\/strong>&nbsp;| Member of the Management Board<br><strong>Dr. Sandra Krey<\/strong>&nbsp;| Member of the Management Board<\/p>\n\n\n\n<h2 class=\"wp-block-heading\" id=\"nutzungsrechte\">Rights of use<\/h2>\n\n\n\n<p>Copyright \u00a9 by<br>Fraunhofer-Gesellschaft<\/p>\n\n\n\n<p>All rights reserved.<br>The copyright for this website is held in full by the Fraunhofer-Gesellschaft.<\/p>\n\n\n\n<p>Downloading or printing these publications is permitted for personal use only. All other uses, in particular commercial use and distribution, are strictly prohibited and require written permission.<\/p>\n\n\n\n<p>Please address inquiries to:<br>Fraunhofer Institute for Industrial Engineering or<br>Fraunhofer Institute for Manufacturing Engineering and Automation IPA<br>Nobelstr. 12<br>70569 Stuttgart<\/p>\n\n\n\n<p>Furthermore, downloading or printing is only permitted for the purpose of reporting on the Fraunhofer-Gesellschaft and its institutes in accordance with the terms of use below.<\/p>\n\n\n\n<p>Graphic changes to image motifs - except for cropping the main motif - are not permitted. The source must always be cited and two free specimen copies must be sent to the above address. Use is free of charge.<\/p>\n\n\n\n<h2 class=\"wp-block-heading\" id=\"haftungshinweis\">Disclaimer<\/h2>\n\n\n\n<p>We accept no liability for the content of external links. The operators of the linked pages are solely responsible for their content.<\/p>\n\n\n\n<p>We make every effort to ensure that the material contained in our web site is current, complete and correct. Nevertheless, the occurrence of errors cannot be completely ruled out. The Fraunhofer Institute and the Fraunhofer-Gesellschaft accept no liability for the topicality, accuracy or completeness of the information provided on this website. This refers to any material or non-material damage to third parties caused by the use of this website.<\/p>\n\n\n\n<p>As a rule, protected trademarks and names, images and texts are not identified as such on our pages. However, the absence of such identification does not mean that it is a free name, a free image or a free text within the meaning of trademark law.<\/p>\n\n\n\n<div class=\"wp-block-stackable-spacer stk-block-spacer stk--no-padding stk-block stk-3644670\" data-block-id=\"3644670\"><\/div>","protected":false},"excerpt":{"rendered":"<p>Impressum Das Fraunhofer-Institut f\u00fcr Arbeitswirtschaft und Organisation IAO Nobelstr. 1270569 Stuttgart ist eine rechtlich nicht selbstst\u00e4ndige Einrichtung der Fraunhofer-Gesellschaft&nbsp;zur F\u00f6rderung der angewandten Forschung e.V.Hansastra\u00dfe 27c,&nbsp;80686 M\u00fcnchenTelefon +49 89 1205- 0Fax +49 89 1205-7531E-Mail: info(at)zv.fraunhofer.de www.fraunhofer.de Umsatzsteuer-Identifikationsnummer gem\u00e4\u00df \u00a7 27a Umsatzsteuergesetz DE 129515865 Registergericht Amtsgericht M\u00fcnchenEingetragener VereinRegister-Nr. VR 4461 Redaktionsverantwortlich im Sinne des Presserechts Karin R\u00f6hricht [&hellip;]<\/p>\n","protected":false},"author":1,"featured_media":0,"parent":0,"menu_order":0,"comment_status":"closed","ping_status":"closed","template":"","meta":{"_acf_changed":false,"_gspb_post_css":"","footnotes":""},"class_list":["post-19","page","type-page","status-publish","hentry"],"blocksy_meta":[],"acf":[],"_links":{"self":[{"href":"https:\/\/www.ki-fortschrittszentrum.de\/en\/wp-json\/wp\/v2\/pages\/19","targetHints":{"allow":["GET"]}}],"collection":[{"href":"https:\/\/www.ki-fortschrittszentrum.de\/en\/wp-json\/wp\/v2\/pages"}],"about":[{"href":"https:\/\/www.ki-fortschrittszentrum.de\/en\/wp-json\/wp\/v2\/types\/page"}],"author":[{"embeddable":true,"href":"https:\/\/www.ki-fortschrittszentrum.de\/en\/wp-json\/wp\/v2\/users\/1"}],"replies":[{"embeddable":true,"href":"https:\/\/www.ki-fortschrittszentrum.de\/en\/wp-json\/wp\/v2\/comments?post=19"}],"version-history":[{"count":5,"href":"https:\/\/www.ki-fortschrittszentrum.de\/en\/wp-json\/wp\/v2\/pages\/19\/revisions"}],"predecessor-version":[{"id":2093,"href":"https:\/\/www.ki-fortschrittszentrum.de\/en\/wp-json\/wp\/v2\/pages\/19\/revisions\/2093"}],"wp:attachment":[{"href":"https:\/\/www.ki-fortschrittszentrum.de\/en\/wp-json\/wp\/v2\/media?parent=19"}],"curies":[{"name":"wp","href":"https:\/\/api.w.org\/{rel}","templated":true}]}}