{"id":260,"date":"2025-04-28T10:12:54","date_gmt":"2025-04-28T08:12:54","guid":{"rendered":"https:\/\/websites.fraunhofer.de\/ki-fortschrittszentrum\/?page_id=260"},"modified":"2025-06-17T11:22:57","modified_gmt":"2025-06-17T09:22:57","slug":"approach","status":"publish","type":"page","link":"https:\/\/www.ki-fortschrittszentrum.de\/en\/anfahrt\/","title":{"rendered":"Approach"},"content":{"rendered":"<div class=\"wp-block-stackable-columns alignfull stk-block-columns stk-block stk-da3feb6\" data-block-id=\"da3feb6\"><div class=\"stk-row stk-inner-blocks stk-block-content stk-content-align stk-da3feb6-column alignfull\">\n<div class=\"wp-block-stackable-column stk-block-column stk-column stk-block stk-f037137\" data-v=\"4\" data-block-id=\"f037137\"><div class=\"stk-column-wrapper stk-block-column__content stk-container stk-f037137-container stk--no-background stk--no-padding\"><div class=\"stk-block-content stk-inner-blocks stk-f037137-inner-blocks\"><div class=\"gspb_id-gsbp-5fbc5f2 wp-block-greenshift-blocks-map\"><div data-key=\"gspb_id_gsbp_5fbc5f2\" class=\"gspb_map-wrapper gspb_osmap\" id=\"gspb_map-gsbp-5fbc5f2\"><\/div><\/div><\/div><\/div><\/div>\n<\/div><\/div>\n\n\n\n<div class=\"wp-block-stackable-spacer stk-block-spacer stk--no-padding stk-block stk-21485b6\" data-block-id=\"21485b6\"><\/div>\n\n\n\n<div class=\"wp-block-stackable-columns stk-block-columns stk-block stk-786e2ec\" data-block-id=\"786e2ec\"><div class=\"stk-row stk-inner-blocks stk-block-content stk-content-align stk-786e2ec-column\">\n<div class=\"wp-block-stackable-column stk-block-column stk-column stk-block stk-8bbbc3c\" data-v=\"4\" data-block-id=\"8bbbc3c\"><div class=\"stk-column-wrapper stk-block-column__content stk-container stk-8bbbc3c-container stk--no-background stk--no-padding\"><div class=\"stk-block-content stk-inner-blocks stk-8bbbc3c-inner-blocks\">\n<div class=\"wp-block-stackable-heading stk-block-heading stk-block-heading--v2 stk-block stk-80b46e1\" id=\"anfahrt\" data-block-id=\"80b46e1\"><style>.stk-80b46e1 {padding-left:0px !important;margin-left:0px !important;}<\/style><h2 class=\"stk-block-heading__text\">Approach<\/h2><\/div>\n<\/div><\/div><\/div>\n<\/div><\/div>\n\n\n\n<div class=\"wp-block-stackable-columns stk-block-columns stk-block stk-e19b4b3\" data-block-id=\"e19b4b3\"><div class=\"stk-row stk-inner-blocks stk-block-content stk-content-align stk-e19b4b3-column\">\n<div class=\"wp-block-stackable-column stk-block-column stk-column stk-block stk-34b2d8d\" data-v=\"4\" data-block-id=\"34b2d8d\"><style>@media screen and (min-width:690px){.stk-34b2d8d {flex:var(--stk-flex-grow, 1) 1 33.3% !important;}}<\/style><div class=\"stk-column-wrapper stk-block-column__content stk-container stk-34b2d8d-container stk--no-background stk--no-padding\"><div class=\"stk-block-content stk-inner-blocks stk-34b2d8d-inner-blocks\">\n<div class=\"wp-block-stackable-text stk-block-text stk-block stk-302135b\" data-block-id=\"302135b\"><p class=\"stk-block-text__text\">AI Innovation Center<\/p><\/div>\n\n\n\n<div class=\"wp-block-stackable-text stk-block-text stk-block stk-efc0faa\" data-block-id=\"efc0faa\"><style>.stk-efc0faa {margin-bottom:48px !important;}<\/style><p class=\"stk-block-text__text\">Fraunhofer IPA and Fraunhofer IAO<br>Nobelstr. 12<br>70569 Stuttgart<\/p><\/div>\n<\/div><\/div><\/div>\n\n\n\n<div class=\"wp-block-stackable-column stk-block-column stk-column stk-block stk-5d3292d\" data-v=\"4\" data-block-id=\"5d3292d\"><style>@media screen and (min-width:690px){.stk-5d3292d {flex:var(--stk-flex-grow, 1) 1 66.7% !important;}}<\/style><div class=\"stk-column-wrapper stk-block-column__content stk-container stk-5d3292d-container stk--no-background stk--no-padding\"><div class=\"stk-block-content stk-inner-blocks stk-5d3292d-inner-blocks\">\n<div class=\"wp-block-stackable-heading stk-block-heading stk-block-heading--v2 stk-block stk-67723ac\" id=\"mit-dem-auto\" data-block-id=\"67723ac\"><h4 class=\"stk-block-heading__text\">By car<\/h4><\/div>\n\n\n\n<div class=\"wp-block-stackable-text stk-block-text stk-block stk-770e073\" data-block-id=\"770e073\"><p class=\"stk-block-text__text\">Take the A 8 Karlsruhe - Munich freeway to the Stuttgart freeway junction, then take the A 81\/ A 831 (Singen) in the direction of Stuttgart-Zentrum, continue until the \"Universit\u00e4t\" exit, then turn left at the traffic lights into Universit\u00e4tsstra\u00dfe; this leads into Nobelstra\u00dfe after approx. 120 m; immediately after the \"Nobelstra\u00dfe\" bus stop, turn right onto the Fraunhofer site; parking is available in the parking garage of the institute center.<\/p><\/div>\n\n\n\n<div class=\"wp-block-stackable-heading stk-block-heading stk-block-heading--v2 stk-block stk-db7f418\" id=\"mit-dem-taxi\" data-block-id=\"db7f418\"><h4 class=\"stk-block-heading__text\">By cab<\/h4><\/div>\n\n\n\n<div class=\"wp-block-stackable-text stk-block-text stk-block stk-07cc5f1\" data-block-id=\"07cc5f1\"><p class=\"stk-block-text__text\">From the airport to the Fraunhofer Institute Center Stuttgart approx. 13 km (travel time: approx. 15 minutes), from the main train station approx. 12 km (travel time: approx. 15 minutes).<\/p><\/div>\n\n\n\n<div class=\"wp-block-stackable-heading stk-block-heading stk-block-heading--v2 stk-block stk-0d668c6\" id=\"mit-offentlichen-verkehrsmitteln\" data-block-id=\"0d668c6\"><h4 class=\"stk-block-heading__text\">By public transportation<\/h4><\/div>\n\n\n\n<div class=\"wp-block-stackable-text stk-block-text stk-block stk-2be9c98\" data-block-id=\"2be9c98\"><p class=\"stk-block-text__text\">From Stuttgart main station or airport take the S-Bahn lines S1, S2, S3 in the direction of Vaihingen. Get off at the \"Universit\u00e4t\" stop. Take the \"Wohngebiet Schranne \/ Endelbang\" exit, then walk approx. 900 m to the Institute Center (approx. 15 minutes on foot) or alternatively take bus lines 84, 91, 92, 746, 747, 748 or 749 to the \"Nobelstra\u00dfe\" stop.<\/p><\/div>\n\n\n\n<p><\/p>\n<\/div><\/div><\/div>\n<\/div><\/div>\n\n\n\n<div class=\"wp-block-stackable-spacer stk-block-spacer stk--no-padding stk-block stk-3638819\" data-block-id=\"3638819\"><style>.stk-3638819 {height:100px !important;}<\/style><\/div>\n\n\n\n<p><\/p>","protected":false},"excerpt":{"rendered":"<p>Anfahrt KI-Fortschrittszentrum Fraunhofer IPA und Fraunhofer IAONobelstr. 1270569&nbsp;Stuttgart Mit dem Auto Autobahn A 8 Karlsruhe &#8211; M\u00fcnchen bis zum Autobahnkreuz Stuttgart, hier auf die A 81\/ A 831 (Singen), dann in Richtung Stuttgart-Zentrum, durchfahren bis Ausfahrt Universit\u00e4t, dort an der Ampel links abbiegen in die Universit\u00e4tsstra\u00dfe; diese m\u00fcndet nach ca. 120 m in die Nobelstra\u00dfe; [&hellip;]<\/p>\n","protected":false},"author":1,"featured_media":0,"parent":0,"menu_order":0,"comment_status":"closed","ping_status":"closed","template":"","meta":{"_acf_changed":false,"_gspb_post_css":".gspb_id-gsbp-5fbc5f2{display:flex;margin:0}.gspb_id-gsbp-5fbc5f2 .gspb_map-wrapper{width:100%;height:560px;isolation:isolate}@media (max-width:575.98px){.gspb_id-gsbp-5fbc5f2 .gspb_map-wrapper{height:360px}}@media (max-width:575.98px){.gspb_id-gsbp-5fbc5f2{margin:0}}","footnotes":""},"class_list":["post-260","page","type-page","status-publish","hentry"],"blocksy_meta":[],"acf":[],"_links":{"self":[{"href":"https:\/\/www.ki-fortschrittszentrum.de\/en\/wp-json\/wp\/v2\/pages\/260","targetHints":{"allow":["GET"]}}],"collection":[{"href":"https:\/\/www.ki-fortschrittszentrum.de\/en\/wp-json\/wp\/v2\/pages"}],"about":[{"href":"https:\/\/www.ki-fortschrittszentrum.de\/en\/wp-json\/wp\/v2\/types\/page"}],"author":[{"embeddable":true,"href":"https:\/\/www.ki-fortschrittszentrum.de\/en\/wp-json\/wp\/v2\/users\/1"}],"replies":[{"embeddable":true,"href":"https:\/\/www.ki-fortschrittszentrum.de\/en\/wp-json\/wp\/v2\/comments?post=260"}],"version-history":[{"count":28,"href":"https:\/\/www.ki-fortschrittszentrum.de\/en\/wp-json\/wp\/v2\/pages\/260\/revisions"}],"predecessor-version":[{"id":1437,"href":"https:\/\/www.ki-fortschrittszentrum.de\/en\/wp-json\/wp\/v2\/pages\/260\/revisions\/1437"}],"wp:attachment":[{"href":"https:\/\/www.ki-fortschrittszentrum.de\/en\/wp-json\/wp\/v2\/media?parent=260"}],"curies":[{"name":"wp","href":"https:\/\/api.w.org\/{rel}","templated":true}]}}